{"id":1321,"date":"2020-11-18T20:01:54","date_gmt":"2020-11-18T20:01:54","guid":{"rendered":"https:\/\/fedeleinterprovincial.org\/?page_id=1321"},"modified":"2020-11-18T20:01:55","modified_gmt":"2020-11-18T20:01:55","slug":"mallorca","status":"publish","type":"page","link":"https:\/\/fedeleinterprovincial.org\/en\/mallorca\/","title":{"rendered":"Mallorca"},"content":{"rendered":"<p>[et_pb_section fb_built=&#8221;1&#8243; disabled_on=&#8221;off|off|off&#8221; admin_label=&#8221;Header Section&#8221; _builder_version=&#8221;4.6.6&#8243; use_background_color_gradient=&#8221;on&#8221; background_color_gradient_start=&#8221;rgba(20,61,88,0.62)&#8221; background_color_gradient_end=&#8221;rgba(20,61,88,0.42)&#8221; background_color_gradient_overlays_image=&#8221;on&#8221; background_image=&#8221;https:\/\/fedeleinterprovincial.org\/wp-content\/uploads\/2020\/10\/mallorca.jpg&#8221; custom_margin=&#8221;|||&#8221; custom_padding=&#8221;2vw|0px|2vw|0px|true|&#8221; bottom_divider_color=&#8221;rgba(5,41,66,0.3)&#8221; bottom_divider_height=&#8221;20vw&#8221; animation_style=&#8221;slide&#8221; animation_direction=&#8221;top&#8221; animation_intensity_slide=&#8221;3%&#8221; animation_starting_opacity=&#8221;100%&#8221;][et_pb_row disabled_on=&#8221;off|off|off&#8221; module_class=&#8221; et_pb_row_fullwidth&#8221; _builder_version=&#8221;3.25&#8243; width=&#8221;89%&#8221; width_tablet=&#8221;80%&#8221; width_phone=&#8221;&#8221; width_last_edited=&#8221;on|desktop&#8221; max_width=&#8221;89%&#8221; max_width_tablet=&#8221;80%&#8221; max_width_phone=&#8221;&#8221; max_width_last_edited=&#8221;on|desktop&#8221; custom_padding=&#8221;|||&#8221; make_fullwidth=&#8221;on&#8221;][et_pb_column type=&#8221;4_4&#8243; _builder_version=&#8221;3.25&#8243; custom_padding=&#8221;|||&#8221; custom_padding__hover=&#8221;|||&#8221;][et_pb_text disabled_on=&#8221;off|off|off&#8221; _builder_version=&#8221;4.6.6&#8243; text_font=&#8221;Montserrat||||||||&#8221; text_font_size=&#8221;22px&#8221; text_line_height=&#8221;1.8em&#8221; header_font=&#8221;Montserrat|600|||||||&#8221; header_text_align=&#8221;center&#8221; header_font_size=&#8221;40px&#8221; header_line_height=&#8221;1.5em&#8221; text_orientation=&#8221;center&#8221; background_layout=&#8221;dark&#8221; custom_margin=&#8221;|||&#8221; header_font_size_tablet=&#8221;50px&#8221; header_font_size_phone=&#8221;&#8221; header_font_size_last_edited=&#8221;on|desktop&#8221; header_line_height_tablet=&#8221;1.1em&#8221; header_line_height_phone=&#8221;1.2em&#8221; header_line_height_last_edited=&#8221;off|desktop&#8221;]<\/p>\n<h1>Schools in Mallorca<\/h1>\n<p>[\/et_pb_text][\/et_pb_column][\/et_pb_row][\/et_pb_section][et_pb_section fb_built=&#8221;1&#8243; admin_label=&#8221;Featured Services Section&#8221; _builder_version=&#8221;3.22&#8243; custom_padding=&#8221;0px|0px|0px|0px&#8221;][et_pb_row _builder_version=&#8221;4.5.6&#8243; _module_preset=&#8221;default&#8221;][et_pb_column type=&#8221;4_4&#8243; _builder_version=&#8221;4.5.6&#8243; _module_preset=&#8221;default&#8221;][et_pb_portfolio fullwidth=&#8221;off&#8221; include_categories=&#8221;12&#8243; _builder_version=&#8221;4.6.6&#8243; _module_preset=&#8221;default&#8221; custom_margin=&#8221;20px|20px|20px|20px|true|true&#8221;][\/et_pb_portfolio][\/et_pb_column][\/et_pb_row][\/et_pb_section][et_pb_section fb_built=&#8221;1&#8243; specialty=&#8221;on&#8221; padding_top_1=&#8221;80px&#8221; padding_left_1=&#8221;12%&#8221; padding_1_tablet=&#8221;0px|10%||10%&#8221; padding_1_phone=&#8221;&#8221; padding_1_last_edited=&#8221;on|tablet&#8221; admin_label=&#8221;Commitment Section&#8221; _builder_version=&#8221;3.22&#8243; use_background_color_gradient=&#8221;on&#8221; background_color_gradient_start=&#8221;rgba(242,246,249,0)&#8221; background_color_gradient_end=&#8221;#f2f6f9&#8243; background_color_gradient_direction=&#8221;90deg&#8221; background_color_gradient_start_position=&#8221;80%&#8221; background_color_gradient_end_position=&#8221;80%&#8221; inner_width=&#8221;100%&#8221; inner_max_width=&#8221;100%&#8221; custom_margin=&#8221;|||&#8221; custom_padding=&#8221;0px|0px|16px|0px||&#8221; animation_style=&#8221;slide&#8221; animation_direction=&#8221;right&#8221; animation_intensity_slide=&#8221;2%&#8221; use_custom_width=&#8221;on&#8221; width_unit=&#8221;off&#8221; custom_width_percent=&#8221;100%&#8221;][et_pb_column type=&#8221;1_2&#8243; _builder_version=&#8221;3.25&#8243; custom_padding=&#8221;|||&#8221; custom_padding__hover=&#8221;|||&#8221;][et_pb_text admin_label=&#8221;Title&#8221; _builder_version=&#8221;4.6.6&#8243; text_font=&#8221;||||||||&#8221; header_font=&#8221;||||||||&#8221; header_2_font=&#8221;Montserrat||||||||&#8221; header_2_font_size=&#8221;40px&#8221; header_2_line_height=&#8221;1.5em&#8221; max_width=&#8221;800px&#8221; custom_margin=&#8221;||20px|&#8221; custom_padding=&#8221;|||&#8221; custom_padding_tablet=&#8221;0px|10%||70px&#8221; custom_padding_phone=&#8221;0px|10%||50px&#8221; custom_padding_last_edited=&#8221;off|desktop&#8221; header_2_font_size_tablet=&#8221;35px&#8221; header_2_font_size_phone=&#8221;35px&#8221; header_2_font_size_last_edited=&#8221;on|phone&#8221; header_2_line_height_tablet=&#8221;1em&#8221; header_2_line_height_phone=&#8221;1.4em&#8221; header_2_line_height_last_edited=&#8221;off|desktop&#8221;]<\/p>\n<h2>Get to know Mallorca<\/h2>\n<p>[\/et_pb_text][et_pb_text admin_label=&#8221;Paragraph&#8221; _builder_version=&#8221;4.6.6&#8243; text_font=&#8221;Montserrat||||||||&#8221; text_font_size=&#8221;16px&#8221; text_line_height=&#8221;2.2em&#8221; header_font=&#8221;||||||||&#8221; header_2_font=&#8221;Montserrat||||||||&#8221; header_2_text_color=&#8221;#21323d&#8221; header_2_font_size=&#8221;40px&#8221; header_2_line_height=&#8221;1.5em&#8221; max_width=&#8221;800px&#8221; custom_margin=&#8221;||80px|&#8221; custom_padding=&#8221;|||&#8221; custom_padding_tablet=&#8221;|100px||70px&#8221; custom_padding_phone=&#8221;|||50px&#8221; custom_padding_last_edited=&#8221;off|desktop&#8221; text_line_height_last_edited=&#8221;off|desktop&#8221; header_2_font_size_tablet=&#8221;35px&#8221; header_2_font_size_phone=&#8221;35px&#8221; header_2_font_size_last_edited=&#8221;on|phone&#8221; header_2_line_height_tablet=&#8221;1em&#8221; header_2_line_height_phone=&#8221;1.4em&#8221; header_2_line_height_last_edited=&#8221;off|desktop&#8221;]<\/p>\n<div class=\"row\">\n<div class=\"span9\">\n<div class=\"seccion castilla-y-leon\">\n<div class=\"contenido\">\n<div id=\"fila_0\" class=\"row-fluid\">\n<div id=\"hueco_0_0\" class=\"span12 widgetIni\">\n<div class=\"aux\">\n<h4>Culture and traditions<\/h4>\n<p>One of the most pleasant cities in Spain for walking is Palma. Besides visiting its Cathedral and Bellver Castle or visiting the Es Baluard museum or the Pilar and Joan Mir\u00f3 Foundation, it is advisable to go into its courtyards, eat in kitchen restaurants from all over the world, store in the exclusive stores on Passeig del Born or sit in the sun in its cafes.<\/p>\n<h4>Much to discover<\/h4>\n<p>The traveller will find charming villages such as Valldemossa, in whose charterhouse the composer Chopin and the journalist George Sand stayed. Nearby is S\u00f3ller, which can be reached by a vintage train. Other options are Dei\u00e0 and the impressive gardens of Son Marroig, Pollen\u00e7a and its lively port or Alc\u00fadia and its unspoilt coves.<\/p>\n<h4>Climate<\/h4>\n<p>The mild climate is always present and in any<br \/>of its corners the style of life and the gastronomy<br \/>purely Mediterranean accompany the traveler.<\/p>\n<\/div>\n<\/div>\n<\/div>\n<div id=\"fila_1\" class=\"row-fluid\"><\/div>\n<\/div>\n<\/div>\n<\/div>\n<\/div>\n<p>[\/et_pb_text][\/et_pb_column][et_pb_column type=&#8221;1_2&#8243; specialty_columns=&#8221;2&#8243; _builder_version=&#8221;3.25&#8243; custom_padding=&#8221;|||&#8221; custom_padding__hover=&#8221;|||&#8221;][et_pb_row_inner _builder_version=&#8221;4.5.1&#8243; _module_preset=&#8221;default&#8221;][et_pb_column_inner saved_specialty_column_type=&#8221;1_2&#8243; _builder_version=&#8221;4.5.1&#8243; _module_preset=&#8221;default&#8221;][et_pb_image src=&#8221;https:\/\/fedeleinterprovincial.org\/wp-content\/uploads\/2020\/10\/mallorca.jpg&#8221; title_text=&#8221;mallorca&#8221; _builder_version=&#8221;4.6.6&#8243; _module_preset=&#8221;default&#8221; width=&#8221;75%&#8221; module_alignment=&#8221;center&#8221;][\/et_pb_image][\/et_pb_column_inner][\/et_pb_row_inner][\/et_pb_column][\/et_pb_section]<\/p>\n","protected":false},"excerpt":{"rendered":"<p>Schools in MallorcaGet to know Mallorca Culture and traditions One of the most pleasant cities in Spain for walking is Palma. Besides visiting its Cathedral and Bellver Castle or visiting the Es Baluard museum or the Pilar and Joan Mir\u00f3 Foundation, it is advisable to go into its courtyards, eat in kitchen restaurants from all [&hellip;]<\/p>\n","protected":false},"author":2,"featured_media":0,"parent":0,"menu_order":0,"comment_status":"closed","ping_status":"closed","template":"","meta":{"_et_pb_use_builder":"on","_et_pb_old_content":"","_et_gb_content_width":"","footnotes":""},"class_list":["post-1321","page","type-page","status-publish","hentry"],"_links":{"self":[{"href":"https:\/\/fedeleinterprovincial.org\/en\/wp-json\/wp\/v2\/pages\/1321","targetHints":{"allow":["GET"]}}],"collection":[{"href":"https:\/\/fedeleinterprovincial.org\/en\/wp-json\/wp\/v2\/pages"}],"about":[{"href":"https:\/\/fedeleinterprovincial.org\/en\/wp-json\/wp\/v2\/types\/page"}],"author":[{"embeddable":true,"href":"https:\/\/fedeleinterprovincial.org\/en\/wp-json\/wp\/v2\/users\/2"}],"replies":[{"embeddable":true,"href":"https:\/\/fedeleinterprovincial.org\/en\/wp-json\/wp\/v2\/comments?post=1321"}],"version-history":[{"count":3,"href":"https:\/\/fedeleinterprovincial.org\/en\/wp-json\/wp\/v2\/pages\/1321\/revisions"}],"predecessor-version":[{"id":1353,"href":"https:\/\/fedeleinterprovincial.org\/en\/wp-json\/wp\/v2\/pages\/1321\/revisions\/1353"}],"wp:attachment":[{"href":"https:\/\/fedeleinterprovincial.org\/en\/wp-json\/wp\/v2\/media?parent=1321"}],"curies":[{"name":"wp","href":"https:\/\/api.w.org\/{rel}","templated":true}]}}